{"id":83,"date":"2016-07-26T11:56:50","date_gmt":"2016-07-26T09:56:50","guid":{"rendered":"http:\/\/test.dr-plewnia.de\/?page_id=83"},"modified":"2021-11-12T13:22:04","modified_gmt":"2021-11-12T12:22:04","slug":"tauchuntersuchungen-2","status":"publish","type":"page","link":"https:\/\/www.dr-plewnia.de\/index.php\/diagnostik\/tauchuntersuchungen-2\/","title":{"rendered":"Tauchtauglichkeitsuntersuchung"},"content":{"rendered":"<table border=\"0\" width=\"100%\" cellspacing=\"0\" cellpadding=\"0\">\n<tbody>\n<tr>\n<td>Im Rahmen der hals-nasen-ohren\u00e4rztlichen Untersuchung kann auf Wunsch eine Tauchbescheinigung ausgestellt werden oder ein Eintrag in das Logbuch erfolgen.<img loading=\"lazy\" decoding=\"async\" class=\"size-medium wp-image-215 alignright\" src=\"https:\/\/www.dr-plewnia.de\/wp-content\/uploads\/2016\/07\/tauchen03_gross-300x225.jpg\" alt=\"tauchen03_gross\" width=\"300\" height=\"225\" srcset=\"https:\/\/www.dr-plewnia.de\/wp-content\/uploads\/2016\/07\/tauchen03_gross-300x225.jpg 300w, https:\/\/www.dr-plewnia.de\/wp-content\/uploads\/2016\/07\/tauchen03_gross-200x150.jpg 200w, https:\/\/www.dr-plewnia.de\/wp-content\/uploads\/2016\/07\/tauchen03_gross-150x113.jpg 150w, https:\/\/www.dr-plewnia.de\/wp-content\/uploads\/2016\/07\/tauchen03_gross.jpg 400w\" sizes=\"auto, (max-width: 300px) 100vw, 300px\" \/><\/p>\n<p>Bei der Tauchuntersuchung wird insbesondere auf die Durchg\u00e4ngigkeit der Ohrtrompeten beidseits geachtet.<\/p>\n<p>Das Nasennebenh\u00f6hlensystem wird mittels Ultraschall auf akute oder chronische Erkrankungen untersucht.<\/p>\n<p>Beides ist f\u00fcr einen funktionierenden Druckausgleich Voraussetzung.<\/p>\n<p><img loading=\"lazy\" decoding=\"async\" class=\"alignnone size-medium wp-image-216\" src=\"https:\/\/www.dr-plewnia.de\/wp-content\/uploads\/2016\/07\/tauchen01_gross-300x225.jpg\" alt=\"tauchen01_gross\" width=\"300\" height=\"225\" srcset=\"https:\/\/www.dr-plewnia.de\/wp-content\/uploads\/2016\/07\/tauchen01_gross-300x225.jpg 300w, https:\/\/www.dr-plewnia.de\/wp-content\/uploads\/2016\/07\/tauchen01_gross-200x150.jpg 200w, https:\/\/www.dr-plewnia.de\/wp-content\/uploads\/2016\/07\/tauchen01_gross-150x113.jpg 150w, https:\/\/www.dr-plewnia.de\/wp-content\/uploads\/2016\/07\/tauchen01_gross.jpg 400w\" sizes=\"auto, (max-width: 300px) 100vw, 300px\" \/>\u00a0 <img loading=\"lazy\" decoding=\"async\" class=\"alignnone size-medium wp-image-218\" src=\"https:\/\/www.dr-plewnia.de\/wp-content\/uploads\/2016\/07\/tauchen04_gross-300x225.jpg\" alt=\"tauchen04_gross\" width=\"300\" height=\"225\" srcset=\"https:\/\/www.dr-plewnia.de\/wp-content\/uploads\/2016\/07\/tauchen04_gross-300x225.jpg 300w, https:\/\/www.dr-plewnia.de\/wp-content\/uploads\/2016\/07\/tauchen04_gross-200x150.jpg 200w, https:\/\/www.dr-plewnia.de\/wp-content\/uploads\/2016\/07\/tauchen04_gross-150x113.jpg 150w, https:\/\/www.dr-plewnia.de\/wp-content\/uploads\/2016\/07\/tauchen04_gross.jpg 400w\" sizes=\"auto, (max-width: 300px) 100vw, 300px\" \/><\/td>\n<\/tr>\n<\/tbody>\n<\/table>\n<pre style=\"text-align: right;\"><em><sup>HNO-Arztpraxis Dres. Plewnia N\u00fcrnberg | Tauchtauglichkeitsuntersuchung, Tauchbescheinigung<\/sup><\/em><\/pre>\n","protected":false},"excerpt":{"rendered":"<p>Im Rahmen der hals-nasen-ohren\u00e4rztlichen Untersuchung kann auf Wunsch eine Tauchbescheinigung ausgestellt werden oder ein Eintrag in das Logbuch erfolgen. Bei der Tauchuntersuchung wird insbesondere auf die Durchg\u00e4ngigkeit der Ohrtrompeten beidseits geachtet. Das Nasennebenh\u00f6hlensystem wird mittels Ultraschall auf akute oder chronische Erkrankungen untersucht. Beides ist f\u00fcr einen funktionierenden Druckausgleich Voraussetzung. \u00a0\u2026<\/p>\n<p> <a class=\"continue-reading-link\" href=\"https:\/\/www.dr-plewnia.de\/index.php\/diagnostik\/tauchuntersuchungen-2\/\"><span>Weiterlesen<\/span><i class=\"crycon-right-dir\"><\/i><\/a> <\/p>\n","protected":false},"author":1,"featured_media":0,"parent":37,"menu_order":0,"comment_status":"closed","ping_status":"closed","template":"","meta":{"footnotes":""},"class_list":["post-83","page","type-page","status-publish","hentry"],"_links":{"self":[{"href":"https:\/\/www.dr-plewnia.de\/index.php\/wp-json\/wp\/v2\/pages\/83","targetHints":{"allow":["GET"]}}],"collection":[{"href":"https:\/\/www.dr-plewnia.de\/index.php\/wp-json\/wp\/v2\/pages"}],"about":[{"href":"https:\/\/www.dr-plewnia.de\/index.php\/wp-json\/wp\/v2\/types\/page"}],"author":[{"embeddable":true,"href":"https:\/\/www.dr-plewnia.de\/index.php\/wp-json\/wp\/v2\/users\/1"}],"replies":[{"embeddable":true,"href":"https:\/\/www.dr-plewnia.de\/index.php\/wp-json\/wp\/v2\/comments?post=83"}],"version-history":[{"count":8,"href":"https:\/\/www.dr-plewnia.de\/index.php\/wp-json\/wp\/v2\/pages\/83\/revisions"}],"predecessor-version":[{"id":690,"href":"https:\/\/www.dr-plewnia.de\/index.php\/wp-json\/wp\/v2\/pages\/83\/revisions\/690"}],"up":[{"embeddable":true,"href":"https:\/\/www.dr-plewnia.de\/index.php\/wp-json\/wp\/v2\/pages\/37"}],"wp:attachment":[{"href":"https:\/\/www.dr-plewnia.de\/index.php\/wp-json\/wp\/v2\/media?parent=83"}],"curies":[{"name":"wp","href":"https:\/\/api.w.org\/{rel}","templated":true}]}}