{"id":79,"date":"2016-07-26T11:55:44","date_gmt":"2016-07-26T09:55:44","guid":{"rendered":"http:\/\/test.dr-plewnia.de\/?page_id=79"},"modified":"2017-11-29T11:26:04","modified_gmt":"2017-11-29T10:26:04","slug":"tauchuntersuchungen","status":"publish","type":"page","link":"https:\/\/www.dr-plewnia.de\/index.php\/tauchuntersuchungen\/","title":{"rendered":"Untersuchungsmethoden"},"content":{"rendered":"<table border=\"0\" width=\"100%\" cellspacing=\"0\" cellpadding=\"0\">\n<tbody>\n<tr>\n<td>Nach dem Patientengespr\u00e4ch erfolgt die hals-nasen-ohren\u00e4rztliche Untersuchung und gegebenenfalls die Durchf\u00fchrung weiterer Tests.<\/p>\n<p>Zur Verf\u00fcgung stehen u.a.:<\/p>\n<ul>\n<li>Nasen- und Nasennebenh\u00f6hlenendoskopie<\/li>\n<li>Lupenlaryngoskop zur Kehlkopfspiegelung<\/li>\n<li>Flexibles Endoskop zur Spiegelung von Nasen-Rachen und Kehlkopf bei Patienten mit ausgepr\u00e4gtem W\u00fcrgereiz oder zur Schlafapnoe-Diagnostik\/Schnarchdiagnostik und Schluckdiagnostik<\/li>\n<li>Ultraschallger\u00e4te im A- und B-Scan<\/li>\n<li>Tonschwellen- und Sprachaudiometrie<\/li>\n<li>Impedanz- und Reflexmessung<\/li>\n<li>Tinnitusbestimmung<\/li>\n<li>Computergest\u00fctzte H\u00f6rtests (BERA, OAE)<\/li>\n<li>Computernystagmographie (Schwindeldiagnostik)<\/li>\n<li>Allergielabor<\/li>\n<li>Laborleistungen (z.B. Abstriche, Gewebeproben)<\/li>\n<\/ul>\n<p><img loading=\"lazy\" decoding=\"async\" class=\"alignnone size-medium wp-image-333\" src=\"https:\/\/www.dr-plewnia.de\/wp-content\/uploads\/2016\/10\/absaugen-300x200.jpg\" alt=\"absaugen\" width=\"300\" height=\"200\" srcset=\"https:\/\/www.dr-plewnia.de\/wp-content\/uploads\/2016\/10\/absaugen-300x200.jpg 300w, https:\/\/www.dr-plewnia.de\/wp-content\/uploads\/2016\/10\/absaugen-226x150.jpg 226w, https:\/\/www.dr-plewnia.de\/wp-content\/uploads\/2016\/10\/absaugen-150x100.jpg 150w, https:\/\/www.dr-plewnia.de\/wp-content\/uploads\/2016\/10\/absaugen.jpg 600w\" sizes=\"auto, (max-width: 300px) 100vw, 300px\" \/>\u00a0 <img loading=\"lazy\" decoding=\"async\" class=\"alignnone size-medium wp-image-334\" src=\"https:\/\/www.dr-plewnia.de\/wp-content\/uploads\/2016\/10\/ohrmikroskop-300x200.jpg\" alt=\"ohrmikroskop\" width=\"300\" height=\"200\" srcset=\"https:\/\/www.dr-plewnia.de\/wp-content\/uploads\/2016\/10\/ohrmikroskop-300x200.jpg 300w, https:\/\/www.dr-plewnia.de\/wp-content\/uploads\/2016\/10\/ohrmikroskop-226x150.jpg 226w, https:\/\/www.dr-plewnia.de\/wp-content\/uploads\/2016\/10\/ohrmikroskop-150x100.jpg 150w, https:\/\/www.dr-plewnia.de\/wp-content\/uploads\/2016\/10\/ohrmikroskop.jpg 600w\" sizes=\"auto, (max-width: 300px) 100vw, 300px\" \/><\/td>\n<\/tr>\n<\/tbody>\n<\/table>\n","protected":false},"excerpt":{"rendered":"<p>Nach dem Patientengespr\u00e4ch erfolgt die hals-nasen-ohren\u00e4rztliche Untersuchung und gegebenenfalls die Durchf\u00fchrung weiterer Tests. Zur Verf\u00fcgung stehen u.a.: Nasen- und Nasennebenh\u00f6hlenendoskopie Lupenlaryngoskop zur Kehlkopfspiegelung Flexibles Endoskop zur Spiegelung von Nasen-Rachen und Kehlkopf bei Patienten mit ausgepr\u00e4gtem W\u00fcrgereiz oder zur Schlafapnoe-Diagnostik\/Schnarchdiagnostik und Schluckdiagnostik Ultraschallger\u00e4te im A- und B-Scan Tonschwellen- und Sprachaudiometrie Impedanz-\u2026<\/p>\n<p> <a class=\"continue-reading-link\" href=\"https:\/\/www.dr-plewnia.de\/index.php\/tauchuntersuchungen\/\"><span>Weiterlesen<\/span><i class=\"crycon-right-dir\"><\/i><\/a> <\/p>\n","protected":false},"author":1,"featured_media":0,"parent":0,"menu_order":0,"comment_status":"closed","ping_status":"closed","template":"templates\/template-twocolumns-right.php","meta":{"footnotes":""},"class_list":["post-79","page","type-page","status-publish","hentry"],"_links":{"self":[{"href":"https:\/\/www.dr-plewnia.de\/index.php\/wp-json\/wp\/v2\/pages\/79","targetHints":{"allow":["GET"]}}],"collection":[{"href":"https:\/\/www.dr-plewnia.de\/index.php\/wp-json\/wp\/v2\/pages"}],"about":[{"href":"https:\/\/www.dr-plewnia.de\/index.php\/wp-json\/wp\/v2\/types\/page"}],"author":[{"embeddable":true,"href":"https:\/\/www.dr-plewnia.de\/index.php\/wp-json\/wp\/v2\/users\/1"}],"replies":[{"embeddable":true,"href":"https:\/\/www.dr-plewnia.de\/index.php\/wp-json\/wp\/v2\/comments?post=79"}],"version-history":[{"count":8,"href":"https:\/\/www.dr-plewnia.de\/index.php\/wp-json\/wp\/v2\/pages\/79\/revisions"}],"predecessor-version":[{"id":445,"href":"https:\/\/www.dr-plewnia.de\/index.php\/wp-json\/wp\/v2\/pages\/79\/revisions\/445"}],"wp:attachment":[{"href":"https:\/\/www.dr-plewnia.de\/index.php\/wp-json\/wp\/v2\/media?parent=79"}],"curies":[{"name":"wp","href":"https:\/\/api.w.org\/{rel}","templated":true}]}}