{"id":74,"date":"2016-07-26T11:54:38","date_gmt":"2016-07-26T09:54:38","guid":{"rendered":"http:\/\/test.dr-plewnia.de\/?page_id=74"},"modified":"2021-11-12T13:17:57","modified_gmt":"2021-11-12T12:17:57","slug":"hyposensibilisierung","status":"publish","type":"page","link":"https:\/\/www.dr-plewnia.de\/index.php\/diagnostik\/hyposensibilisierung\/","title":{"rendered":"Hyposensibilisierung"},"content":{"rendered":"<table border=\"0\" width=\"100%\" cellspacing=\"0\" cellpadding=\"0\">\n<tbody>\n<tr>\n<td>Entsprechend den Ergebnissen der Allergietestung kann in vielen F\u00e4llen eine sog. Hyposensibilisierung zur erfolgreichen Therapie der allergischen Beschwerden (bspw. Heuschnupfen) durchgef\u00fchrt werden.<img loading=\"lazy\" decoding=\"async\" class=\"size-medium wp-image-364 alignright\" src=\"https:\/\/www.dr-plewnia.de\/wp-content\/uploads\/2016\/11\/allergie_startseite02-300x200.jpg\" alt=\"allergie_startseite02\" width=\"300\" height=\"200\" srcset=\"https:\/\/www.dr-plewnia.de\/wp-content\/uploads\/2016\/11\/allergie_startseite02-300x200.jpg 300w, https:\/\/www.dr-plewnia.de\/wp-content\/uploads\/2016\/11\/allergie_startseite02-225x150.jpg 225w, https:\/\/www.dr-plewnia.de\/wp-content\/uploads\/2016\/11\/allergie_startseite02-150x100.jpg 150w, https:\/\/www.dr-plewnia.de\/wp-content\/uploads\/2016\/11\/allergie_startseite02.jpg 500w\" sizes=\"auto, (max-width: 300px) 100vw, 300px\" \/><\/p>\n<p>Diese Behandlung ist nach den neuesten WHO-Richtlinien die bestm\u00f6gliche Therapie zur Vermeidung eines Etagenwechsels vom Heuschnupfen zum allergischen Asthma.<\/p>\n<p>Die Hyposensibilisierungsbehandlung erfolgt durch regelm\u00e4\u00dfige Injektion von hochgereinigten Allergenen in gr\u00f6\u00dfer werdenden Abst\u00e4nden.<\/p>\n<p>In der Regel erstreckt sich die Therapie \u00fcber ca. 3 Jahre.<\/p>\n<p>Dabei kann eine Reduzierung der Beschwerden von bis zu 90% erzielt werden.<\/td>\n<\/tr>\n<\/tbody>\n<\/table>\n<pre style=\"text-align: right;\"><em><sup>Dres. Plewnia | Hyposensibilisierungsbehandlung Behandlung von Heuschnupfen Allergiearzt N\u00fcrnberg<\/sup><\/em><\/pre>\n","protected":false},"excerpt":{"rendered":"<p>Entsprechend den Ergebnissen der Allergietestung kann in vielen F\u00e4llen eine sog. Hyposensibilisierung zur erfolgreichen Therapie der allergischen Beschwerden (bspw. Heuschnupfen) durchgef\u00fchrt werden. Diese Behandlung ist nach den neuesten WHO-Richtlinien die bestm\u00f6gliche Therapie zur Vermeidung eines Etagenwechsels vom Heuschnupfen zum allergischen Asthma. Die Hyposensibilisierungsbehandlung erfolgt durch regelm\u00e4\u00dfige Injektion von hochgereinigten Allergenen\u2026<\/p>\n<p> <a class=\"continue-reading-link\" href=\"https:\/\/www.dr-plewnia.de\/index.php\/diagnostik\/hyposensibilisierung\/\"><span>Weiterlesen<\/span><i class=\"crycon-right-dir\"><\/i><\/a> <\/p>\n","protected":false},"author":1,"featured_media":0,"parent":37,"menu_order":0,"comment_status":"closed","ping_status":"closed","template":"","meta":{"footnotes":""},"class_list":["post-74","page","type-page","status-publish","hentry"],"_links":{"self":[{"href":"https:\/\/www.dr-plewnia.de\/index.php\/wp-json\/wp\/v2\/pages\/74","targetHints":{"allow":["GET"]}}],"collection":[{"href":"https:\/\/www.dr-plewnia.de\/index.php\/wp-json\/wp\/v2\/pages"}],"about":[{"href":"https:\/\/www.dr-plewnia.de\/index.php\/wp-json\/wp\/v2\/types\/page"}],"author":[{"embeddable":true,"href":"https:\/\/www.dr-plewnia.de\/index.php\/wp-json\/wp\/v2\/users\/1"}],"replies":[{"embeddable":true,"href":"https:\/\/www.dr-plewnia.de\/index.php\/wp-json\/wp\/v2\/comments?post=74"}],"version-history":[{"count":10,"href":"https:\/\/www.dr-plewnia.de\/index.php\/wp-json\/wp\/v2\/pages\/74\/revisions"}],"predecessor-version":[{"id":689,"href":"https:\/\/www.dr-plewnia.de\/index.php\/wp-json\/wp\/v2\/pages\/74\/revisions\/689"}],"up":[{"embeddable":true,"href":"https:\/\/www.dr-plewnia.de\/index.php\/wp-json\/wp\/v2\/pages\/37"}],"wp:attachment":[{"href":"https:\/\/www.dr-plewnia.de\/index.php\/wp-json\/wp\/v2\/media?parent=74"}],"curies":[{"name":"wp","href":"https:\/\/api.w.org\/{rel}","templated":true}]}}