{"id":70,"date":"2016-11-23T11:00:43","date_gmt":"2016-11-23T10:00:43","guid":{"rendered":"http:\/\/test.dr-plewnia.de\/?page_id=70"},"modified":"2022-01-28T23:47:10","modified_gmt":"2022-01-28T22:47:10","slug":"hoerstoerungen","status":"publish","type":"page","link":"https:\/\/www.dr-plewnia.de\/index.php\/diagnostik\/hoerstoerungen\/","title":{"rendered":"H\u00f6rst\u00f6rungen"},"content":{"rendered":"<h2><span style=\"font-size: x-large;\">HNO-\u00e4rztliche Diagnostik \/ H\u00f6rpr\u00fcfungen<\/span><\/h2>\n<table border=\"0\" width=\"100%\" cellspacing=\"0\" cellpadding=\"0\">\n<tbody>\n<tr>\n<td>H\u00f6rst\u00f6rungen, Ohrenschmerzen k\u00f6nnen durch einfache mechanische Hindernisse, wie z.B. Ohrenschmalz, Fremdk\u00f6rper, Fl\u00fcssigkeitsansammlungen im Mittelohr oder Entz\u00fcndungen (Mittelohrentz\u00fcndungen), Verletzungen,<img loading=\"lazy\" decoding=\"async\" class=\"alignright wp-image-303 size-medium\" src=\"https:\/\/www.dr-plewnia.de\/wp-content\/uploads\/2016\/10\/ohrmuschel-300x200.jpg\" alt=\"Behandlung von H\u00f6rst\u00f6rungen - Arzt Praxis f\u00fcr Mittelohrentz\u00fcndungen\" width=\"300\" height=\"200\" srcset=\"https:\/\/www.dr-plewnia.de\/wp-content\/uploads\/2016\/10\/ohrmuschel-300x200.jpg 300w, https:\/\/www.dr-plewnia.de\/wp-content\/uploads\/2016\/10\/ohrmuschel-226x150.jpg 226w, https:\/\/www.dr-plewnia.de\/wp-content\/uploads\/2016\/10\/ohrmuschel-150x100.jpg 150w, https:\/\/www.dr-plewnia.de\/wp-content\/uploads\/2016\/10\/ohrmuschel.jpg 600w\" sizes=\"auto, (max-width: 300px) 100vw, 300px\" \/> L\u00e4rmbelastung, H\u00f6rsturz und vieles mehr verursacht werden.<br \/>\nDaher steht in unserer HNO-Arztpraxis auch bei der \u00e4rztlichen Diagnostik von H\u00f6rst\u00f6rungen an erster Stelle das Gespr\u00e4ch mit dem Patienten und anschlie\u00dfend die mikroskopische Untersuchung der Geh\u00f6rg\u00e4nge und Trommelfelle.<br \/>\nDanach m\u00fcssen verschiedene H\u00f6rpr\u00fcfungen durchgef\u00fchrt werden. Das Spektrum reicht vom einfachen H\u00f6rtest mit der Stimmgabel \u00fcber die Tonschwellenaudiometrie bis zu computergest\u00fctzten H\u00f6rtests (BERA, OAE).<\/p>\n<p>Voraussetzung f\u00fcr die erfolgreiche Behandlung einer H\u00f6rst\u00f6rung (bspw. Ohrenschmerzen bei Mittelohrentz\u00fcndung) ist die eingehende \u00e4rztliche HNO-Untersuchung zur Feststellung der Ursache und des Status der H\u00f6rst\u00f6rung.<\/td>\n<\/tr>\n<\/tbody>\n<\/table>\n<pre style=\"text-align: right;\"><em><sup>HNO-Arztpraxis Dres. Plewnia N\u00fcrnberg | H\u00f6rst\u00f6rungen, Mittelohrentz\u00fcndung, Ohrenschmerzen<\/sup><\/em><\/pre>\n","protected":false},"excerpt":{"rendered":"<p>HNO-\u00e4rztliche Diagnostik \/ H\u00f6rpr\u00fcfungen H\u00f6rst\u00f6rungen, Ohrenschmerzen k\u00f6nnen durch einfache mechanische Hindernisse, wie z.B. Ohrenschmalz, Fremdk\u00f6rper, Fl\u00fcssigkeitsansammlungen im Mittelohr oder Entz\u00fcndungen (Mittelohrentz\u00fcndungen), Verletzungen, L\u00e4rmbelastung, H\u00f6rsturz und vieles mehr verursacht werden. Daher steht in unserer HNO-Arztpraxis auch bei der \u00e4rztlichen Diagnostik von H\u00f6rst\u00f6rungen an erster Stelle das Gespr\u00e4ch mit dem Patienten und\u2026<\/p>\n<p> <a class=\"continue-reading-link\" href=\"https:\/\/www.dr-plewnia.de\/index.php\/diagnostik\/hoerstoerungen\/\"><span>Weiterlesen<\/span><i class=\"crycon-right-dir\"><\/i><\/a> <\/p>\n","protected":false},"author":1,"featured_media":0,"parent":37,"menu_order":0,"comment_status":"closed","ping_status":"closed","template":"","meta":{"footnotes":""},"class_list":["post-70","page","type-page","status-publish","hentry"],"_links":{"self":[{"href":"https:\/\/www.dr-plewnia.de\/index.php\/wp-json\/wp\/v2\/pages\/70","targetHints":{"allow":["GET"]}}],"collection":[{"href":"https:\/\/www.dr-plewnia.de\/index.php\/wp-json\/wp\/v2\/pages"}],"about":[{"href":"https:\/\/www.dr-plewnia.de\/index.php\/wp-json\/wp\/v2\/types\/page"}],"author":[{"embeddable":true,"href":"https:\/\/www.dr-plewnia.de\/index.php\/wp-json\/wp\/v2\/users\/1"}],"replies":[{"embeddable":true,"href":"https:\/\/www.dr-plewnia.de\/index.php\/wp-json\/wp\/v2\/comments?post=70"}],"version-history":[{"count":31,"href":"https:\/\/www.dr-plewnia.de\/index.php\/wp-json\/wp\/v2\/pages\/70\/revisions"}],"predecessor-version":[{"id":705,"href":"https:\/\/www.dr-plewnia.de\/index.php\/wp-json\/wp\/v2\/pages\/70\/revisions\/705"}],"up":[{"embeddable":true,"href":"https:\/\/www.dr-plewnia.de\/index.php\/wp-json\/wp\/v2\/pages\/37"}],"wp:attachment":[{"href":"https:\/\/www.dr-plewnia.de\/index.php\/wp-json\/wp\/v2\/media?parent=70"}],"curies":[{"name":"wp","href":"https:\/\/api.w.org\/{rel}","templated":true}]}}