{"id":68,"date":"2016-07-26T11:52:27","date_gmt":"2016-07-26T09:52:27","guid":{"rendered":"http:\/\/test.dr-plewnia.de\/?page_id=68"},"modified":"2022-03-07T08:48:14","modified_gmt":"2022-03-07T07:48:14","slug":"akupunkturbehandlung","status":"publish","type":"page","link":"https:\/\/www.dr-plewnia.de\/index.php\/diagnostik\/akupunkturbehandlung\/","title":{"rendered":"Akupunkturbehandlung"},"content":{"rendered":"<h2><span style=\"font-size: x-large;\">Naturheilmethode &#8211; Chinesische Akupunktur<\/span><\/h2>\n<table border=\"0\" width=\"100%\" cellspacing=\"0\" cellpadding=\"0\">\n<tbody>\n<tr>\n<td style=\"text-align: left;\">Die chinesische Akupunktur mit ihrer bew\u00e4hrten, sanften Heilkraft haben wir seit Jahren erfolgreich in unserer HNO-Praxis in N\u00fcrnberg etabliert. Die Akupunkturbehandlung als traditionelle, chinesische Heilmethode und hocheffiziente, nebenwirkungsarme Behandlungsmethode der Naturmedizin, wird in unserer Arztpraxis zur Therapie f\u00fcr folgende Krankheitsbilder mit Erfolg eingesetzt.Akkupunkturbehandlung bei:<\/p>\n<p><img loading=\"lazy\" decoding=\"async\" class=\"alignright wp-image-301 size-medium\" src=\"https:\/\/www.dr-plewnia.de\/wp-content\/uploads\/2016\/10\/puppe-300x200.jpg\" alt=\"Arzt f\u00fcr Akupunktur in N\u00fcrnberg - Akupunkturbehandlung\" width=\"300\" height=\"200\" align=\"right\" srcset=\"https:\/\/www.dr-plewnia.de\/wp-content\/uploads\/2016\/10\/puppe-300x200.jpg 300w, https:\/\/www.dr-plewnia.de\/wp-content\/uploads\/2016\/10\/puppe-226x150.jpg 226w, https:\/\/www.dr-plewnia.de\/wp-content\/uploads\/2016\/10\/puppe-150x100.jpg 150w, https:\/\/www.dr-plewnia.de\/wp-content\/uploads\/2016\/10\/puppe.jpg 600w\" sizes=\"auto, (max-width: 300px) 100vw, 300px\" \/><\/p>\n<ul>\n<li style=\"padding-left: 30px;\">HWS-Syndrom<\/li>\n<li style=\"padding-left: 30px;\">Migr\u00e4ne<\/li>\n<li style=\"padding-left: 30px;\">Trigeminusneuralgien<\/li>\n<li style=\"padding-left: 30px;\">Tinnitus aurium<\/li>\n<li style=\"padding-left: 30px;\">Morbus Meni\u00e8re<\/li>\n<\/ul>\n<p>Bei anderen Krankheitsbildern kann ebenfalls ein individueller Akupunkturplan erstellt und die Akupunktur genauso erfolgreich eingesetzt werden.<\/p>\n<p>Bei einem Studienaufenthalt in China, am WHO-Zentrum f\u00fcr Akupunktur in Peking, konnte ich, Dr. Holger Plewnia, die Behandlung mit der chinesischen Akupunktur erlernen.<\/p>\n<p>In unserer Arztpraxis wird die Akupunkturbehandlung als sog. IGEL-Leistung angeboten.<br \/>\nBei Privatpatienten werden die Kosten f\u00fcr Akupunktur gem\u00e4\u00df Geb\u00fchrenordnung f\u00fcr \u00c4rzte (GO\u00c4) abgerechnet.<\/td>\n<\/tr>\n<\/tbody>\n<\/table>\n<pre style=\"text-align: right;\"><em><sup>Dr. Plewnia | Akupunkturarzt Chinesische Akupunktur N\u00fcrnberg<\/sup><\/em><\/pre>\n","protected":false},"excerpt":{"rendered":"<p>Naturheilmethode &#8211; Chinesische Akupunktur Die chinesische Akupunktur mit ihrer bew\u00e4hrten, sanften Heilkraft haben wir seit Jahren erfolgreich in unserer HNO-Praxis in N\u00fcrnberg etabliert. Die Akupunkturbehandlung als traditionelle, chinesische Heilmethode und hocheffiziente, nebenwirkungsarme Behandlungsmethode der Naturmedizin, wird in unserer Arztpraxis zur Therapie f\u00fcr folgende Krankheitsbilder mit Erfolg eingesetzt.Akkupunkturbehandlung bei: HWS-Syndrom Migr\u00e4ne\u2026<\/p>\n<p> <a class=\"continue-reading-link\" href=\"https:\/\/www.dr-plewnia.de\/index.php\/diagnostik\/akupunkturbehandlung\/\"><span>Weiterlesen<\/span><i class=\"crycon-right-dir\"><\/i><\/a> <\/p>\n","protected":false},"author":1,"featured_media":0,"parent":37,"menu_order":0,"comment_status":"closed","ping_status":"closed","template":"templates\/template-twocolumns-right.php","meta":{"footnotes":""},"class_list":["post-68","page","type-page","status-publish","hentry"],"_links":{"self":[{"href":"https:\/\/www.dr-plewnia.de\/index.php\/wp-json\/wp\/v2\/pages\/68","targetHints":{"allow":["GET"]}}],"collection":[{"href":"https:\/\/www.dr-plewnia.de\/index.php\/wp-json\/wp\/v2\/pages"}],"about":[{"href":"https:\/\/www.dr-plewnia.de\/index.php\/wp-json\/wp\/v2\/types\/page"}],"author":[{"embeddable":true,"href":"https:\/\/www.dr-plewnia.de\/index.php\/wp-json\/wp\/v2\/users\/1"}],"replies":[{"embeddable":true,"href":"https:\/\/www.dr-plewnia.de\/index.php\/wp-json\/wp\/v2\/comments?post=68"}],"version-history":[{"count":52,"href":"https:\/\/www.dr-plewnia.de\/index.php\/wp-json\/wp\/v2\/pages\/68\/revisions"}],"predecessor-version":[{"id":713,"href":"https:\/\/www.dr-plewnia.de\/index.php\/wp-json\/wp\/v2\/pages\/68\/revisions\/713"}],"up":[{"embeddable":true,"href":"https:\/\/www.dr-plewnia.de\/index.php\/wp-json\/wp\/v2\/pages\/37"}],"wp:attachment":[{"href":"https:\/\/www.dr-plewnia.de\/index.php\/wp-json\/wp\/v2\/media?parent=68"}],"curies":[{"name":"wp","href":"https:\/\/api.w.org\/{rel}","templated":true}]}}