{"id":30,"date":"2016-07-22T13:54:46","date_gmt":"2016-07-22T11:54:46","guid":{"rendered":"http:\/\/test.dr-plewnia.de\/?page_id=30"},"modified":"2021-05-10T13:51:26","modified_gmt":"2021-05-10T11:51:26","slug":"impressum","status":"publish","type":"page","link":"https:\/\/www.dr-plewnia.de\/index.php\/impressum\/","title":{"rendered":"Impressum"},"content":{"rendered":"<p><strong><style>\n            #jmdcontent h1, #jmdcontent h2, #jmdcontent h3, #jmdcontent h4, #jmdcontent h5, #jmdcontent h6 {\n                margin: 1.5em 0 1em 0;\n            }\n\n            #jmdcontent {\n                font-family: sans-serif;\n                font-size: 14px;\n                line-height: 1.5;\n                text-align: left;\n            }\n\n            #jmdcontent code {\n                background-color: #f5f5f5;\n                color: #bd4147;\n                box-shadow: 0 2px 1px -1px rgba(0,0,0,.2), 0 1px 1px 0 rgba(0,0,0,.14), 0 1px 3px 0 rgba(0,0,0,.12);\n                display: inline-block;\n                border-radius: 3px;\n                white-space: pre-wrap;\n                font-size: 85%;\n                font-weight: 900;\n            }\n\n            #jmdcontent code:after, #jmdcontent code:before {\n                content: \"\\A0\";\n                letter-spacing: -1px;\n            }\n\n            #jmdcontent table {\n                border: solid 1px #EEEEEE;\n                border-collapse: collapse;\n                border-spacing: 0;\n                font-size: 0.9em;\n                line-height: normal;\n            }\n\n            #jmdcontent table thead th {\n                background-color: #EFEFEF;\n                padding: 10px;\n                text-align: left;\n                color: black;\n            }\n\n            #jmdcontent table tbody td {\n                border: solid 1px #EEEEEE;\n                padding: 10px;\n            }\n\n            #jmdcontent .cancellation-policy, #jmdcontent .jmd-bordered {\n                border: solid 1px;\n                padding: 0em 1em;\n            }\n\n            #jmdcontent ol {\n              counter-reset: item;\n            }\n\n            #jmdcontent ol > li {\n              display: block;\n            }\n                        \n            #jmdcontent li {\n             list-style-position: outside;\n            }\n\n            #jmdcontent ol > li >*:first-child:before {\n              content: counters(item, \".\") \". \";\n              counter-increment: item\n            }\n\n            @media (max-width: 1600px) {\n\n                #jmdcontent table, #jmdcontent thead, #jmdcontent tbody, #jmdcontent tfoot,\n                #jmdcontent tr, #jmdcontent th, #jmdcontent td {\n                    display: block;\n                }\n\n                #jmdcontent thead tr, #jmdcontent tfoot tr > th {\n                    display: none;\n                }\n\n                #jmdcontent tr {\n                    border: 1px solid #ccc;\n                    margin-bottom: 1em;\n                }\n\n                #jmdcontent tr:last-child {\n                    margin-bottom: 0;\n                }\n\n                #jmdcontent table tbody  td {\n                    border: none;\n                    border-bottom: 1px solid #eee;\n                    position: relative;\n                    white-space: normal;\n                    text-align: left;\n                    padding: 5px 10px 5px calc(30% + 20px);\n                }\n\n                #jmdcontent table tbody td:before {\n                    content: attr(data-header);\n                    position: absolute;\n                    top: 1px;\n                    left: 1px;\n                    width: 30%;\n                    padding: 5px 10px;\n                    white-space: nowrap;\n                    text-align: left;\n                    font-weight: bold;\n                }\n            }\n\n#jmdcontent ul {margin-left: 2em;}<\/style>\n<div id='jmdcontent' data-jid=\"165065\" data-jtype=\"imprint\"><h1 id=\"jsectionimpressum\">Impressum<\/h1>\n<h2 id=\"jsectionseitenbetreiberisd5tmg\">Seitenbetreiber i.S.d. \u00a7 5 TMG<\/h2>\n<p>Praxis Dres. Plewnia<br \/>\nDr.-Kurt-Schumacher-Str. 25<br \/>\n90402 N\u00fcrnberg<br \/>\nDeutschland<br \/>\nE-Mail: <a href=\"mailto:info@dr-plewnia.de\" rel=\"noopener noreferrer\" target=\"_blank\">info@dr-plewnia.de<\/a><br \/>\nTel.: 0911 \u2013 22 70 40<br \/>\nFax: 0911 \u2013 22 69 49  <\/p>\n<h3 id=\"jsectioninhaber\">Inhaber<\/h3>\n<p>Dr. Holger Plewnia<\/p>\n<h3 id=\"jsectioninhaltlichverantwortlicher\">Inhaltlich Verantwortlicher<\/h3>\n<p>Dr. Holger Plewnia<br \/>\n(Anschrift wie oben)<\/p>\n<h3 id=\"jsectionangabenfrdiettigkeitalsfacharztfachrztinfrhalsnasenohrenheilkunde\">Angaben f\u00fcr die T\u00e4tigkeit als Facharzt\/Fach\u00e4rztin f\u00fcr Hals-Nasen-Ohrenheilkunde<\/h3>\n<h4 id=\"jsectionberufsbezeichnung\">Berufsbezeichnung<\/h4>\n<p>Facharzt\/Fach\u00e4rztin f\u00fcr Hals-Nasen-Ohrenheilkunde (verliehen in Deutschland)<\/p>\n<h4 id=\"jsectionzustndigerztekammerundaufsichtsbehrdefrdiettigkeitalsarztrztin\">Zust\u00e4ndige \u00c4rztekammer und Aufsichtsbeh\u00f6rde f\u00fcr die T\u00e4tigkeit als Arzt \/ \u00c4rztin<\/h4>\n<p>Bayerische Landes\u00e4rztekammer<br \/>\nM\u00fchlbaurstra\u00dfe 16<br \/>\n81677 M\u00fcnchen<br \/>\nE-Mail: <a href=\"mailto:blaek@blaek.de\" rel=\"noopener noreferrer\" target=\"_blank\">blaek@blaek.de<\/a><br \/>\nTel.: 089\/4147-0<br \/>\nFax: 089\/4147-280<br \/>\nWebsite: <a href=\"http:\/\/www.blaek.de\" rel=\"noopener noreferrer\" target=\"_blank\">http:\/\/www.blaek.de<\/a>  <\/p>\n<h4 id=\"jsectionzustndigekassenrztlichevereinigungundaufsichtsbehrdefrvertragsrzte\">Zust\u00e4ndige Kassen\u00e4rztliche Vereinigung und Aufsichtsbeh\u00f6rde f\u00fcr Vertrags\u00e4rzte<\/h4>\n<p>Kassen\u00e4rztliche Vereinigung Bayerns<br \/>\nElsenheimerstra\u00dfe 39<br \/>\n80687 M\u00fcnchen<br \/>\nE-Mail: <a href=\"mailto:info@kvb.de\" rel=\"noopener noreferrer\" target=\"_blank\">info@kvb.de<\/a><br \/>\nTel.: (0 89) 5 70 93 - 0<br \/>\nFax: 089 57093-2105<br \/>\nWebsite: <a href=\"http:\/\/www.kvb.de\/\" rel=\"noopener noreferrer\" target=\"_blank\">http:\/\/www.kvb.de\/<\/a>  <\/p>\n<h4 id=\"jsectionberufsrechtlicheregelungenfrdiettigkeitalsfacharztfachrztinfrhalsnasenohrenheilkunde\">Berufsrechtliche Regelungen f\u00fcr die T\u00e4tigkeit als Facharzt\/Fach\u00e4rztin f\u00fcr Hals-Nasen-Ohrenheilkunde<\/h4>\n<p>Es gelten die nachstehend benannten berufsrechtlichen Regelungen f\u00fcr die T\u00e4tigkeit als Facharzt\/Fach\u00e4rztin f\u00fcr Hals-Nasen-Ohrenheilkunde in der Bundesrepublik Deutschland:<\/p>\n<ul>\n<li><p>Gesetz \u00fcber die Berufsaus\u00fcbung, die Berufsvertretungen und die Berufsgerichtsbarkeit der \u00c4rzte, Zahn\u00e4rzte, Tier\u00e4rzte, Apotheker sowie der Psychologischen Psychotherapeuten und der Kinder- und Jugendlichenpsychotherapeuten (Heilberufe-Kammergesetz - HKaG) (<a href=\"https:\/\/www.gesetze-bayern.de\/Content\/Document\/BayHKaG\/True\" rel=\"noopener noreferrer\" target=\"_blank\">https:\/\/www.gesetze-bayern.de\/Content\/Document\/BayHKaG\/True<\/a>)<\/p><\/li>\n<li><p>Berufsordnung f\u00fcr die \u00c4rzte Bayerns (<a href=\"http:\/\/www.blaek.de\/beruf_recht\/berufsordnung\/berufsordnung.cfm\" rel=\"noopener noreferrer\" target=\"_blank\">http:\/\/www.blaek.de\/beruf_recht\/berufsordnung\/berufsordnung.cfm<\/a>)<\/p><\/li>\n<li><p>Bundes\u00e4rzteordnung (B\u00c4O) (<a href=\"http:\/\/www.gesetze-im-internet.de\/b_o\" rel=\"noopener noreferrer\" target=\"_blank\">http:\/\/www.gesetze-im-internet.de\/b_o<\/a>)<\/p><\/li>\n<li><p>Approbationsordnung f\u00fcr \u00c4rzte (\u00c4\u00c4pprO) (<a href=\"http:\/\/www.gesetze-im-internet.de\/_appro_2002\" rel=\"noopener noreferrer\" target=\"_blank\">http:\/\/www.gesetze-im-internet.de\/_appro_2002<\/a>)<\/p><\/li>\n<li><p>(Muster-)Berufsordnung f\u00fcr die deutschen \u00c4rztinnen und \u00c4rzte der Bundes\u00e4rztekammer (<a href=\"https:\/\/www.bundesaerztekammer.de\/fileadmin\/user_upload\/downloads\/pdf-Ordner\/MBO\/MBO-AE.pdf\" rel=\"noopener noreferrer\" target=\"_blank\">https:\/\/www.bundesaerztekammer.de\/fileadmin\/user_upload\/downloads\/pdf-Ordner\/MBO\/MBO-AE.pdf<\/a>)<\/p><\/li>\n<li><p>(Muster-)Weiterbildungsordnung der Bundes\u00e4rztekammer (Arbeitsgemeinschaft der Deutschen \u00c4rztekammern) (<a href=\"https:\/\/www.bundesaerztekammer.de\/fileadmin\/user_upload\/downloads\/pdf-Ordner\/Weiterbildung\/MWBO-16112018.pdf\" rel=\"noopener noreferrer\" target=\"_blank\">https:\/\/www.bundesaerztekammer.de\/fileadmin\/user_upload\/downloads\/pdf-Ordner\/Weiterbildung\/MWBO-16112018.pdf<\/a>)<\/p><\/li>\n<li><p>Weitere Rechtliche Regelungen abrufbar bei der Bayerischen Landes\u00e4rztekammer (<a href=\"http:\/\/www.blaek.de\/index.cfm\" rel=\"noopener noreferrer\" target=\"_blank\">http:\/\/www.blaek.de\/index.cfm<\/a>)<\/p><\/li>\n<\/ul>\n<p>Die Regelungen k\u00f6nnen auch bei der zust\u00e4ndigen \u00c4rztekammer und Aufsichtsbeh\u00f6rde f\u00fcr die T\u00e4tigkeit als Arzt \/ \u00c4rztin unter <a href=\"http:\/\/www.blaek.de\" rel=\"noopener noreferrer\" target=\"_blank\">http:\/\/www.blaek.de<\/a> eingesehen werden.<\/p>\n<h3 id=\"jsectionurheberrechtundbildnachweise\">Urheberrecht und Bildnachweise<\/h3>\n<p>Die Inhalte von dr-plewnia.de sind \u2013 soweit nicht abweichend angegeben \u2013  urheberrechtlich gesch\u00fctzt.<br \/>\nVerwendete Fotografien sind ggf. mit Bildnachweisen gekennzeichnet oder unten aufgef\u00fchrt, soweit sie nicht selbst angefertigt wurden.<br \/>\nDie Verwendung von Fotografien auf Drittseiten ist nur im Rahmen der jeweiligen Lizenz der Urheber m\u00f6glich.<\/p><\/div>\n<div id=\"jmdseal\">\n    <a href=\"https:\/\/seal.website-check.de\/?token=eyJhbGciOiJIUzI1NiIsInR5cCI6IkpXVCJ9.eyJ3aWQiOiIzNjY1NyIsInQiOiJpbXByaW50IiwiaWF0IjoxNjY4MzEyODc0fQ.l6gEqN1lNb9w5I1fI8xA6A0i8tgaj8t_yaoKDo5eqnc\" target=\"_blank\"><img decoding=\"async\" id=\"jseal\" style=\"width: 8em; margin-left: 1em;\" src=\"https:\/\/seal.website-check.de\/seal?token=eyJhbGciOiJIUzI1NiIsInR5cCI6IkpXVCJ9.eyJ3aWQiOiIzNjY1NyIsInQiOiJpbXByaW50IiwiaWF0IjoxNjY4MzEyODc0fQ.l6gEqN1lNb9w5I1fI8xA6A0i8tgaj8t_yaoKDo5eqnc\" \/><\/a>\n<\/div><\/strong><\/p>\n","protected":false},"excerpt":{"rendered":"<p> <a class=\"continue-reading-link\" href=\"https:\/\/www.dr-plewnia.de\/index.php\/impressum\/\"><span>Weiterlesen<\/span><i class=\"crycon-right-dir\"><\/i><\/a> <\/p>\n","protected":false},"author":1,"featured_media":0,"parent":0,"menu_order":0,"comment_status":"closed","ping_status":"closed","template":"templates\/template-onecolumn.php","meta":{"footnotes":""},"class_list":["post-30","page","type-page","status-publish","hentry"],"_links":{"self":[{"href":"https:\/\/www.dr-plewnia.de\/index.php\/wp-json\/wp\/v2\/pages\/30","targetHints":{"allow":["GET"]}}],"collection":[{"href":"https:\/\/www.dr-plewnia.de\/index.php\/wp-json\/wp\/v2\/pages"}],"about":[{"href":"https:\/\/www.dr-plewnia.de\/index.php\/wp-json\/wp\/v2\/types\/page"}],"author":[{"embeddable":true,"href":"https:\/\/www.dr-plewnia.de\/index.php\/wp-json\/wp\/v2\/users\/1"}],"replies":[{"embeddable":true,"href":"https:\/\/www.dr-plewnia.de\/index.php\/wp-json\/wp\/v2\/comments?post=30"}],"version-history":[{"count":10,"href":"https:\/\/www.dr-plewnia.de\/index.php\/wp-json\/wp\/v2\/pages\/30\/revisions"}],"predecessor-version":[{"id":502,"href":"https:\/\/www.dr-plewnia.de\/index.php\/wp-json\/wp\/v2\/pages\/30\/revisions\/502"}],"wp:attachment":[{"href":"https:\/\/www.dr-plewnia.de\/index.php\/wp-json\/wp\/v2\/media?parent=30"}],"curies":[{"name":"wp","href":"https:\/\/api.w.org\/{rel}","templated":true}]}}