{"id":28,"date":"2016-07-22T13:54:30","date_gmt":"2016-07-22T11:54:30","guid":{"rendered":"http:\/\/test.dr-plewnia.de\/?page_id=28"},"modified":"2022-01-28T23:37:52","modified_gmt":"2022-01-28T22:37:52","slug":"kontakt","status":"publish","type":"page","link":"https:\/\/www.dr-plewnia.de\/index.php\/kontakt\/","title":{"rendered":"Kontakt"},"content":{"rendered":"<p><img loading=\"lazy\" decoding=\"async\" class=\" wp-image-289 alignright\" src=\"https:\/\/www.dr-plewnia.de\/wp-content\/uploads\/2016\/09\/holgerolewnia.jpg\" alt=\"\" width=\"480\" height=\"319\" srcset=\"https:\/\/www.dr-plewnia.de\/wp-content\/uploads\/2016\/09\/holgerolewnia.jpg 600w, https:\/\/www.dr-plewnia.de\/wp-content\/uploads\/2016\/09\/holgerolewnia-300x200.jpg 300w, https:\/\/www.dr-plewnia.de\/wp-content\/uploads\/2016\/09\/holgerolewnia-226x150.jpg 226w, https:\/\/www.dr-plewnia.de\/wp-content\/uploads\/2016\/09\/holgerolewnia-150x100.jpg 150w\" sizes=\"auto, (max-width: 480px) 100vw, 480px\" \/><strong>Dr. Holger Plewnia<\/strong><br \/>\n<strong>Dr. Eva Plewnia<br \/>\n<\/strong>Ihre HNO-\u00c4rzte in N\u00fcrnberg<\/p>\n<p>Praxisanschrift:<br \/>\nDr.-Kurt-Schumacher-Str. 25<br \/>\n90402 N\u00fcrnberg<\/p>\n<p>Telefon- und Faxnummer:<br \/>\nTelefon <a href=\"tel:+49-911-227040\">0911 \u2013 22 70 40<\/a><br \/>\nTelefax 0911 \u2013 22 69 49<\/p>\n<p>Email:<br \/>\ninfo(at)dr-plewnia(dot)de<\/p>\n<p><strong>Wir bitten Sie, Termine nur telefonisch unter der Rufnummer 0911 &#8211; 227040 zu vereinbaren!<\/strong><\/p>\n","protected":false},"excerpt":{"rendered":"<p>Dr. Holger Plewnia Dr. Eva Plewnia Ihre HNO-\u00c4rzte in N\u00fcrnberg Praxisanschrift: Dr.-Kurt-Schumacher-Str. 25 90402 N\u00fcrnberg Telefon- und Faxnummer: Telefon 0911 \u2013 22 70 40 Telefax 0911 \u2013 22 69 49 Email: info(at)dr-plewnia(dot)de Wir bitten Sie, Termine nur telefonisch unter der Rufnummer 0911 &#8211; 227040 zu vereinbaren!<\/p>\n<p> <a class=\"continue-reading-link\" href=\"https:\/\/www.dr-plewnia.de\/index.php\/kontakt\/\"><span>Weiterlesen<\/span><i class=\"crycon-right-dir\"><\/i><\/a> <\/p>\n","protected":false},"author":1,"featured_media":0,"parent":0,"menu_order":0,"comment_status":"closed","ping_status":"closed","template":"templates\/template-onecolumn.php","meta":{"footnotes":""},"class_list":["post-28","page","type-page","status-publish","hentry"],"_links":{"self":[{"href":"https:\/\/www.dr-plewnia.de\/index.php\/wp-json\/wp\/v2\/pages\/28","targetHints":{"allow":["GET"]}}],"collection":[{"href":"https:\/\/www.dr-plewnia.de\/index.php\/wp-json\/wp\/v2\/pages"}],"about":[{"href":"https:\/\/www.dr-plewnia.de\/index.php\/wp-json\/wp\/v2\/types\/page"}],"author":[{"embeddable":true,"href":"https:\/\/www.dr-plewnia.de\/index.php\/wp-json\/wp\/v2\/users\/1"}],"replies":[{"embeddable":true,"href":"https:\/\/www.dr-plewnia.de\/index.php\/wp-json\/wp\/v2\/comments?post=28"}],"version-history":[{"count":13,"href":"https:\/\/www.dr-plewnia.de\/index.php\/wp-json\/wp\/v2\/pages\/28\/revisions"}],"predecessor-version":[{"id":701,"href":"https:\/\/www.dr-plewnia.de\/index.php\/wp-json\/wp\/v2\/pages\/28\/revisions\/701"}],"wp:attachment":[{"href":"https:\/\/www.dr-plewnia.de\/index.php\/wp-json\/wp\/v2\/media?parent=28"}],"curies":[{"name":"wp","href":"https:\/\/api.w.org\/{rel}","templated":true}]}}