{"id":24,"date":"2016-07-22T13:51:50","date_gmt":"2016-07-22T11:51:50","guid":{"rendered":"http:\/\/test.dr-plewnia.de\/?page_id=24"},"modified":"2021-08-02T16:05:29","modified_gmt":"2021-08-02T14:05:29","slug":"unsere-praxis","status":"publish","type":"page","link":"https:\/\/www.dr-plewnia.de\/index.php\/unsere-praxis\/","title":{"rendered":"Unsere Praxis"},"content":{"rendered":"<p><\/p>\n<table border=\"0\" width=\"100%\" cellspacing=\"0\" cellpadding=\"0\">\n<tbody>\n<tr>\n<td>Die folgenden Seiten bieten Ihnen lediglich einen kurzen \u00dcberblick.<img loading=\"lazy\" decoding=\"async\" class=\"size-medium wp-image-289 alignright\" src=\"https:\/\/www.dr-plewnia.de\/wp-content\/uploads\/2016\/09\/holgerolewnia-300x200.jpg\" alt=\"HNO-\u00c4rzte Herr Dr. med. Holger Plewnia und Frau Dr. med. Eva Plewnia\" width=\"300\" height=\"200\" srcset=\"https:\/\/www.dr-plewnia.de\/wp-content\/uploads\/2016\/09\/holgerolewnia-300x200.jpg 300w, https:\/\/www.dr-plewnia.de\/wp-content\/uploads\/2016\/09\/holgerolewnia-226x150.jpg 226w, https:\/\/www.dr-plewnia.de\/wp-content\/uploads\/2016\/09\/holgerolewnia-150x100.jpg 150w, https:\/\/www.dr-plewnia.de\/wp-content\/uploads\/2016\/09\/holgerolewnia.jpg 600w\" sizes=\"auto, (max-width: 300px) 100vw, 300px\" \/><p><\/p>\n<p>Es k\u00f6nnen nicht alle Aspekte der t\u00e4glichen Hals-Nasen-Ohren-Praxis in dieser kurzen und knappen Darstellung ber\u00fccksichtigt werden.<\/p>\n<p>Selbstverst\u00e4ndlich bedarf jede Erkrankung eines individuellen Diagnostik- und Behandlungskonzeptes.<\/p>\n<p><\/p>\n<p>Hier finden Sie einen kleinen Einblick in die R\u00e4ume unserer HNO-Praxis in N\u00fcrnberg<\/p>\n<p>Dr. Holger Plewnia<\/p>\n<div class=\"row-fluid\">\n<div class=\"span3\"><a title=\"Dres. Plewnia\" href=\"https:\/\/www.dr-plewnia.de\/wp-content\/uploads\/2016\/07\/bild11-e1469645470869.jpg\" data-spotlight=\"on\" data-lightbox=\"group:mygroup1;titlePosition:inside\">&nbsp; <\/a><a href=\"https:\/\/www.dr-plewnia.de\/wp-content\/uploads\/2016\/07\/bild11-e1469645470869.jpg\" target=\"_blank\" rel=\"noopener\"><img loading=\"lazy\" decoding=\"async\" class=\"alignnone\" src=\"https:\/\/www.dr-plewnia.de\/wp-content\/uploads\/2016\/07\/bild11-e1469645470869.jpg\" alt=\"Die Praxis\" width=\"190\" height=\"150\"><\/a><a title=\"Dres. Plewnia\" href=\"https:\/\/www.dr-plewnia.de\/wp-content\/uploads\/2016\/07\/bild10-e1469645511752.jpg\" data-spotlight=\"on\" data-lightbox=\"group:mygroup1;titlePosition:inside\"> &nbsp; <\/a><a href=\"https:\/\/www.dr-plewnia.de\/wp-content\/uploads\/2016\/07\/bild10-e1469645511752.jpg\" target=\"_blank\" rel=\"noopener\"><img loading=\"lazy\" decoding=\"async\" class=\"alignnone\" src=\"https:\/\/www.dr-plewnia.de\/wp-content\/uploads\/2016\/07\/bild10-e1469645511752.jpg\" alt=\"Die Praxis\" width=\"190\" height=\"150\"><\/a><a title=\"Dres. Plewnia\" href=\"https:\/\/www.dr-plewnia.de\/wp-content\/uploads\/2016\/10\/puppe.jpg\" target=\"_blank\" rel=\"noopener\" data-spotlight=\"on\" data-lightbox=\"group:mygroup1;titlePosition:inside\"><img loading=\"lazy\" decoding=\"async\" class=\"alignnone\" src=\"https:\/\/www.dr-plewnia.de\/wp-content\/uploads\/2016\/10\/puppe.jpg\" alt=\"Die Praxis\" width=\"190\" height=\"150\"><\/a><\/div>\n<\/div>\n<p>Dr. Eva Plewnia<\/p>\n<div class=\"row-fluid\">\n<div class=\"span3\"><a title=\"Dres. Plewnia\" href=\"https:\/\/www.dr-plewnia.de\/wp-content\/uploads\/2016\/07\/DSC_0489-e1469558971674.jpg\" data-spotlight=\"on\" data-lightbox=\"group:mygroup1;titlePosition:inside\"> <img loading=\"lazy\" decoding=\"async\" src=\"https:\/\/www.dr-plewnia.de\/wp-content\/uploads\/2016\/07\/DSC_0489-e1469558971674.jpg\" alt=\"Die Praxis\" width=\"190\" height=\"150\">&nbsp; <\/a><a title=\"Dres. Plewnia\" href=\"https:\/\/www.dr-plewnia.de\/wp-content\/uploads\/2016\/10\/ohrmuschel.jpg\" data-spotlight=\"on\" data-lightbox=\"group:mygroup1;titlePosition:inside\"> <img loading=\"lazy\" decoding=\"async\" src=\"https:\/\/www.dr-plewnia.de\/wp-content\/uploads\/2016\/10\/ohrmuschel.jpg\" alt=\"Die Praxis\" width=\"190\" height=\"150\">&nbsp; <\/a><a title=\"Dres. Plewnia\" href=\"https:\/\/www.dr-plewnia.de\/wp-content\/uploads\/2016\/09\/evaplewnia.jpg\" data-spotlight=\"on\" data-lightbox=\"group:mygroup1;titlePosition:inside\"> <img loading=\"lazy\" decoding=\"async\" src=\"https:\/\/www.dr-plewnia.de\/wp-content\/uploads\/2016\/09\/evaplewnia.jpg\" alt=\"Die Praxis\" width=\"190\" height=\"150\"> <\/a><\/div>\n<\/div>\n<p>Praxis Dres. Plewnia<\/p>\n<div class=\"row-fluid\">\n<div class=\"span3\"><a title=\"Dres. Plewnia\" href=\"https:\/\/www.dr-plewnia.de\/wp-content\/uploads\/2016\/07\/DSC_0506-e1469559358778.jpg\" data-spotlight=\"on\" data-lightbox=\"group:mygroup1;titlePosition:inside\"><img loading=\"lazy\" decoding=\"async\" src=\"https:\/\/www.dr-plewnia.de\/wp-content\/uploads\/2016\/07\/DSC_0506-e1469559358778.jpg\" alt=\"Die Praxis\" width=\"190\" height=\"150\"><\/a><a title=\"Dres. Plewnia\" href=\"https:\/\/www.dr-plewnia.de\/wp-content\/uploads\/2016\/10\/anmeldung.jpg\" data-spotlight=\"on\" data-lightbox=\"group:mygroup1;titlePosition:inside\"><img loading=\"lazy\" decoding=\"async\" src=\"https:\/\/www.dr-plewnia.de\/wp-content\/uploads\/2016\/10\/anmeldung.jpg\" alt=\"Die Praxis\" width=\"190\" height=\"150\"><\/a><a title=\"Dres. Plewnia\" href=\"https:\/\/www.dr-plewnia.de\/wp-content\/uploads\/2016\/07\/bild08-e1469645655878.jpg\" data-spotlight=\"on\" data-lightbox=\"group:mygroup1;titlePosition:inside\"><img loading=\"lazy\" decoding=\"async\" src=\"https:\/\/www.dr-plewnia.de\/wp-content\/uploads\/2016\/07\/bild08-e1469645655878.jpg\" alt=\"Die Praxis\" width=\"190\" height=\"150\"><\/a><br><a title=\"Dres. Plewnia\" href=\"https:\/\/www.dr-plewnia.de\/wp-content\/uploads\/2016\/09\/kinderecke.jpg\" data-spotlight=\"on\" data-lightbox=\"group:mygroup1;titlePosition:inside\"><img loading=\"lazy\" decoding=\"async\" src=\"https:\/\/www.dr-plewnia.de\/wp-content\/uploads\/2016\/09\/kinderecke.jpg\" alt=\"Die Praxis\" width=\"190\" height=\"150\"><\/a><a title=\"Dres. Plewnia\" href=\"https:\/\/www.dr-plewnia.de\/wp-content\/uploads\/2016\/07\/DSC_0496-e1469559013843.jpg\" data-spotlight=\"on\" data-lightbox=\"group:mygroup1;titlePosition:inside\"><img loading=\"lazy\" decoding=\"async\" src=\"https:\/\/www.dr-plewnia.de\/wp-content\/uploads\/2016\/07\/DSC_0496-e1469559013843.jpg\" alt=\"Die Praxis\" width=\"190\" height=\"150\"><\/a><a title=\"Dres. Plewnia\" href=\"https:\/\/www.dr-plewnia.de\/wp-content\/uploads\/2016\/07\/DSC_0493-e1469558986570.jpg\" data-spotlight=\"on\" data-lightbox=\"group:mygroup1;titlePosition:inside\"><img loading=\"lazy\" decoding=\"async\" src=\"https:\/\/www.dr-plewnia.de\/wp-content\/uploads\/2016\/07\/DSC_0493-e1469558986570.jpg\" alt=\"Die Praxis\" width=\"190\" height=\"150\"><\/a><\/div>\n<\/div>\n<div>&nbsp;<\/div>\n<\/td>\n<\/tr>\n<\/tbody>\n<\/table>\n\n\n<p><\/p>\n","protected":false},"excerpt":{"rendered":"<p>Die folgenden Seiten bieten Ihnen lediglich einen kurzen \u00dcberblick. Es k\u00f6nnen nicht alle Aspekte der t\u00e4glichen Hals-Nasen-Ohren-Praxis in dieser kurzen und knappen Darstellung ber\u00fccksichtigt werden. Selbstverst\u00e4ndlich bedarf jede Erkrankung eines individuellen Diagnostik- und Behandlungskonzeptes. Hier finden Sie einen kleinen Einblick in die R\u00e4ume unserer HNO-Praxis in N\u00fcrnberg Dr. Holger Plewnia\u2026<\/p>\n<p> <a class=\"continue-reading-link\" href=\"https:\/\/www.dr-plewnia.de\/index.php\/unsere-praxis\/\"><span>Weiterlesen<\/span><i class=\"crycon-right-dir\"><\/i><\/a> <\/p>\n","protected":false},"author":1,"featured_media":0,"parent":0,"menu_order":0,"comment_status":"closed","ping_status":"closed","template":"templates\/template-twocolumns-right.php","meta":{"footnotes":""},"class_list":["post-24","page","type-page","status-publish","hentry"],"_links":{"self":[{"href":"https:\/\/www.dr-plewnia.de\/index.php\/wp-json\/wp\/v2\/pages\/24","targetHints":{"allow":["GET"]}}],"collection":[{"href":"https:\/\/www.dr-plewnia.de\/index.php\/wp-json\/wp\/v2\/pages"}],"about":[{"href":"https:\/\/www.dr-plewnia.de\/index.php\/wp-json\/wp\/v2\/types\/page"}],"author":[{"embeddable":true,"href":"https:\/\/www.dr-plewnia.de\/index.php\/wp-json\/wp\/v2\/users\/1"}],"replies":[{"embeddable":true,"href":"https:\/\/www.dr-plewnia.de\/index.php\/wp-json\/wp\/v2\/comments?post=24"}],"version-history":[{"count":65,"href":"https:\/\/www.dr-plewnia.de\/index.php\/wp-json\/wp\/v2\/pages\/24\/revisions"}],"predecessor-version":[{"id":537,"href":"https:\/\/www.dr-plewnia.de\/index.php\/wp-json\/wp\/v2\/pages\/24\/revisions\/537"}],"wp:attachment":[{"href":"https:\/\/www.dr-plewnia.de\/index.php\/wp-json\/wp\/v2\/media?parent=24"}],"curies":[{"name":"wp","href":"https:\/\/api.w.org\/{rel}","templated":true}]}}