{"id":167,"date":"2016-08-04T13:41:26","date_gmt":"2016-08-04T11:41:26","guid":{"rendered":"http:\/\/test.dr-plewnia.de\/?page_id=167"},"modified":"2022-03-07T09:46:09","modified_gmt":"2022-03-07T08:46:09","slug":"allergiediagnostik-2","status":"publish","type":"page","link":"https:\/\/www.dr-plewnia.de\/index.php\/diagnostik\/allergiediagnostik-2\/","title":{"rendered":"Allergiediagnostik"},"content":{"rendered":"<h2><span style=\"font-size: x-large;\">Allergietest \/ Allergiebehandlung<\/span><\/h2>\n<table border=\"0\" width=\"100%\" cellspacing=\"0\" cellpadding=\"0\">\n<tbody>\n<tr>\n<td>F\u00fcr eine wirkungsvolle Allergiebehandlung, sollte zuvor so genau wie m\u00f6glich bestimmt werden, um welche Allergie es sich handelt bzw. welche Allergene f\u00fcr die Allergiebeschwerden verantwortlich sind.<\/p>\n<p>Deshalb ist die erste Aufgabe f\u00fcr den Allergiearzt, mit dem <b>Allergietest<\/b> zu ermitteln, ob eine <b>Allergie<\/b> vorliegt und welches Allergen die Allergiesymptome verursacht.<br \/>\n<img loading=\"lazy\" decoding=\"async\" class=\"alignright wp-image-166 size-medium\" src=\"https:\/\/www.dr-plewnia.de\/wp-content\/uploads\/2016\/08\/wiese-300x225.jpg\" alt=\"Allergiearzt in N\u00fcrnberg | Allergietest Gr\u00e4serallergie Allergiecheck\" width=\"300\" height=\"225\" srcset=\"https:\/\/www.dr-plewnia.de\/wp-content\/uploads\/2016\/08\/wiese-300x225.jpg 300w, https:\/\/www.dr-plewnia.de\/wp-content\/uploads\/2016\/08\/wiese-200x150.jpg 200w, https:\/\/www.dr-plewnia.de\/wp-content\/uploads\/2016\/08\/wiese-150x113.jpg 150w, https:\/\/www.dr-plewnia.de\/wp-content\/uploads\/2016\/08\/wiese.jpg 500w\" sizes=\"auto, (max-width: 300px) 100vw, 300px\" \/><br \/>\nHeuschnupfen (allergischer Schnupfen) ist beispielsweise als allergische Reaktion der oberen Atemwege auf Pflanzenpollen in der Luft weit verbreitet. Ger\u00f6tete Augen, Juckreiz, Flie\u00dfschnupfen und Hautausschl\u00e4ge k\u00f6nnen weitere Reaktionen auf unterschiedlichste Allergene sein.<\/p>\n<p>Bei Vermutung einer Allergie werden in unserer Arzt-Praxis, vor einer Allergiebehandlung, zun\u00e4chst sog. <strong>Prick-Testungen<\/strong> (Pricktest = Allergie-Hauttest am Unterarm) durchgef\u00fchrt. Hierbei werden besonders die im HNO-Bereich wichtigen Allergene wie Gr\u00e4ser, Pollen, Hausstaub, Pilze, Tierepithelien, Nahrungsmittel u.v.m. getestet.<\/p>\n<p>Bei Nachweis einer Allergie durch den Allergiecheck erfolgt dann eine ausf\u00fchrliche Beratung zur Allergenvermeidung bzw. eine Behandlung \/ Therapie der allergischen Beschwerden in unserer Arzt-Praxis.<\/p>\n<p>Dar\u00fcber hinaus k\u00f6nnen in der Allergiediagnostik, bei seltenen Allergenen, sog. <strong>Scratch-Allergietests<\/strong> durchgef\u00fchrt werden. Eine entsprechende Testl\u00f6sung kann aus mitgebrachten Substanzen angefertigt werden (z.B. exot. Tierhaare, Pflegemittel, Nahrungsmittel o.\u00e4.).<\/td>\n<\/tr>\n<\/tbody>\n<\/table>\n<p style=\"text-align: right;\">\n<pre style=\"text-align: right;\"><em><sup>HNO-Arztpraxis Dres. Plewnia N\u00fcrnberg | Allergiearzt Allergietest Allergiebehandlung<\/sup><\/em><\/pre>\n","protected":false},"excerpt":{"rendered":"<p>Allergietest \/ Allergiebehandlung F\u00fcr eine wirkungsvolle Allergiebehandlung, sollte zuvor so genau wie m\u00f6glich bestimmt werden, um welche Allergie es sich handelt bzw. welche Allergene f\u00fcr die Allergiebeschwerden verantwortlich sind. Deshalb ist die erste Aufgabe f\u00fcr den Allergiearzt, mit dem Allergietest zu ermitteln, ob eine Allergie vorliegt und welches Allergen die\u2026<\/p>\n<p> <a class=\"continue-reading-link\" href=\"https:\/\/www.dr-plewnia.de\/index.php\/diagnostik\/allergiediagnostik-2\/\"><span>Weiterlesen<\/span><i class=\"crycon-right-dir\"><\/i><\/a> <\/p>\n","protected":false},"author":1,"featured_media":0,"parent":37,"menu_order":0,"comment_status":"closed","ping_status":"closed","template":"templates\/template-twocolumns-right.php","meta":{"footnotes":""},"class_list":["post-167","page","type-page","status-publish","hentry"],"_links":{"self":[{"href":"https:\/\/www.dr-plewnia.de\/index.php\/wp-json\/wp\/v2\/pages\/167","targetHints":{"allow":["GET"]}}],"collection":[{"href":"https:\/\/www.dr-plewnia.de\/index.php\/wp-json\/wp\/v2\/pages"}],"about":[{"href":"https:\/\/www.dr-plewnia.de\/index.php\/wp-json\/wp\/v2\/types\/page"}],"author":[{"embeddable":true,"href":"https:\/\/www.dr-plewnia.de\/index.php\/wp-json\/wp\/v2\/users\/1"}],"replies":[{"embeddable":true,"href":"https:\/\/www.dr-plewnia.de\/index.php\/wp-json\/wp\/v2\/comments?post=167"}],"version-history":[{"count":45,"href":"https:\/\/www.dr-plewnia.de\/index.php\/wp-json\/wp\/v2\/pages\/167\/revisions"}],"predecessor-version":[{"id":723,"href":"https:\/\/www.dr-plewnia.de\/index.php\/wp-json\/wp\/v2\/pages\/167\/revisions\/723"}],"up":[{"embeddable":true,"href":"https:\/\/www.dr-plewnia.de\/index.php\/wp-json\/wp\/v2\/pages\/37"}],"wp:attachment":[{"href":"https:\/\/www.dr-plewnia.de\/index.php\/wp-json\/wp\/v2\/media?parent=167"}],"curies":[{"name":"wp","href":"https:\/\/api.w.org\/{rel}","templated":true}]}}